{"id":143,"date":"2023-04-10T06:48:20","date_gmt":"2023-04-10T06:48:20","guid":{"rendered":"http:\/\/s946090378.online.de\/?page_id=143"},"modified":"2023-04-12T11:00:56","modified_gmt":"2023-04-12T11:00:56","slug":"qa","status":"publish","type":"page","link":"https:\/\/mariannes-atelier.com\/?page_id=143","title":{"rendered":"Q&#038;A"},"content":{"rendered":"\n<p><\/p>\n\n\n\n<h3 class=\"wp-block-heading has-text-align-left has-text-color\" style=\"color:#ae944e\">Wann ist der richtige Zeitpunkt f\u00fcr eine Session?<\/h3>\n\n\n\n<p class=\"has-text-align-center\"><\/p>\n\n\n\n<p>Kinesiologie wird zur Pr\u00e4vention oder bei bestehenden Beschwerden eingesetzt. Sie ist f\u00fcr Menschen jeden Alters geeignet. Das Spektrum und der Bedarf f\u00fcr kinesiologische Sitzungen sind allumfassend. Anwendungsbereiche sind beispielsweise \u00c4ngste, Stress, \u00dcberforderung, Schlafst\u00f6rungen, Allergien, Schmerzen, Hindernisse und Blockaden, Verstimmungen, auff\u00e4llige Verhaltensweisen, Schwierigkeiten mit der Verdauung, sowie vieles mehr.<\/p>\n\n\n\n<p><br><\/p>\n\n\n\n<p><\/p>\n\n\n\n<p><\/p>\n\n\n\n<h3 class=\"wp-block-heading has-text-align-left has-text-color\" style=\"color:#ae944e\">Wie wirkt Kinesiologie?<\/h3>\n\n\n\n<p class=\"has-text-align-center\"><\/p>\n\n\n\n<p>Ziel jeder Session ist es, die Balance von und mit st\u00f6renden Faktoren in deinem Leben wiederherzustellen. Erkenntnis ist der erste und wichtigste Schritt hin zu dieser Ver\u00e4nderung. Um genau diesen Prozess einzuleiten ist es meistens n\u00f6tig, den Ursprung allen \u00dcbels ausfindig zu machen. Daher ist die Ursprungsfindung das Herzst\u00fcck meiner Arbeit. Jede Session gestaltet sich v\u00f6llig individuell, ausgerichtet an deine Bed\u00fcrfnisse. Wenn du dich nach der kinesiologischen Behandlung neutral f\u00fchlst in Bezug auf ein Thema, wegen dem du mein Atelier besuchst \u2013 dann haben wir gemeinsam gute Arbeit geleistet.<\/p>\n\n\n\n<p><br><\/p>\n\n\n\n<p><\/p>\n\n\n\n<h3 class=\"wp-block-heading has-text-align-left has-text-color\" style=\"color:#ae944e\">Wann wei\u00df ich, dass Kinesiologie bei mir gewirkt haben k\u00f6nnte?<\/h3>\n\n\n\n<p class=\"has-text-align-center\"><\/p>\n\n\n\n<p>Kurz gesagt ist ein Thema dann in Balance, wenn es dir egal ist. Vielleicht kommt dir die eine oder andere Situation bekannt vor:<\/p>\n\n\n\n<p><\/p>\n\n\n\n<ul class=\"wp-block-list\">\n<li>Du hast v\u00f6llig auf einen Menschen vergessen und genau dann meldet er sich wieder bei dir?<\/li>\n\n\n\n<li>Nach langer Zeit stellst du dich mal wieder auf die Waage und dir wird klar, dass du auf magische-m\u00fchelose Weise dein Idealgewicht erreicht hast?<\/li>\n\n\n\n<li>Ein unliebsamer Bekannter\/Verwandter hat schon lange nichts mehr von sich h\u00f6ren lassen und du realisierst erst einige Wochen sp\u00e4ter, dass Ruhe ist?<\/li>\n\n\n\n<li>Da war doch so ein stechender Schmerz \u2013 aber du wei\u00dft eigentlich auch nicht so genau, wann dieser spurlos verschwunden ist?<\/li>\n\n\n\n<li>Pl\u00f6tzlich kein Verlangen mehr nach Zigaretten, Alkohol, Fast Food, S\u00fc\u00dfigkeiten?<\/li>\n\n\n\n<li>Menschen in deinem Umfeld fragen dich, warum du pl\u00f6tzlich so ruhig und ausgelassen bist?<\/li>\n\n\n\n<li>Dein Haustier \u00e4rgert dich pl\u00f6tzlich nicht mehr?<\/li>\n\n\n\n<li>Ganz unerwartet bietet sich dir eine gute Gelegenheit nach der anderen?<\/li>\n<\/ul>\n\n\n\n<p><\/p>\n\n\n\n<p><\/p>\n\n\n\n<div class=\"wp-block-group is-vertical is-content-justification-center is-layout-flex wp-container-core-group-is-layout-dae89687 wp-block-group-is-layout-flex\">\n<p class=\"has-text-align-center\"><strong><em>Besessenheit = Beeinflussung. <\/em><\/strong><\/p>\n\n\n\n<p class=\"has-text-align-center\"><strong><em>Los Lassen = L\u00f6sung.<\/em><\/strong><\/p>\n<\/div>\n\n\n\n<p><\/p>\n\n\n\n<p><\/p>\n\n\n\n<p>Hier noch weitere Beispiele:<\/p>\n\n\n\n<p>Wenn du nicht mehr besessen davon bist, deinen Kontostand zu erh\u00f6hen, k\u00f6nnte sich Reichtum einstellen. Dein Traumpartner steht mit Sicherheit dann vor deiner T\u00fcr, wenn du nicht nach ihm suchst. Oder das Gras\u2026 Das Gras w\u00e4chst auch nicht schneller, nur weil du daran ziehst.<\/p>\n\n\n\n<p><br><\/p>\n\n\n\n<p><\/p>\n\n\n\n<h3 class=\"wp-block-heading has-text-align-left has-text-color\" style=\"color:#ae944e\">Was ist Humanenergetik?<\/h3>\n\n\n\n<p class=\"has-text-align-center\"><\/p>\n\n\n\n<p><\/p>\n\n\n\n<p>In der Regel bietet die Humanenergetik Hilfestellung zur Erreichung einer k\u00f6rperlichen, bzw. energetischen Ausgewogenheit durch unterschiedliche Methoden:<\/p>\n\n\n\n<p><\/p>\n\n\n\n<ul class=\"wp-block-list\">\n<li>Methode von Dr. Bach<\/li>\n\n\n\n<li>Biofeedback oder Bioresonanz<\/li>\n\n\n\n<li>Durch eine gezielte Auswahl an Farben, D\u00fcften, Lichtquellen, Aromastoffen, Edelsteinen, Musik, oder sonstigen Informationsquellen<\/li>\n\n\n\n<li>Unter Anwendung kinesiologischer Methoden<\/li>\n\n\n\n<li>Mittels Interpretation der Aura<\/li>\n\n\n\n<li>Durch Magnetfeldanwendungen<\/li>\n\n\n\n<li>Durch sanfte Ber\u00fchrungen sowie Bewegungen des K\u00f6rpers sowie gezieltes Auflegen der H\u00e4nde an bestimmten K\u00f6rperstellen<\/li>\n\n\n\n<li>Durch Ber\u00fccksichtigung bioenergetischer, geobiologischer, elektrobiologischer, baubiologischer und geomantischer Gesichtspunkte<\/li>\n\n\n\n<li>Durch Ber\u00fccksichtigung der Auswirkungen der energetischen Geometrie und Lichtphysik<\/li>\n\n\n\n<li>Durch Feng Shui, Zen, Vastu bzw. anderer lebensraumrelevanter Aspekte verschiedener Epochen und Kulturen<\/li>\n\n\n\n<li>Mittels Numerologie sowie Ber\u00fccksichtigung von Planetenkonstellationen und lunaren Energien<\/li>\n\n\n\n<li>Mittels Wassersuche sowie radi\u00e4sthetischen Untersuchungen mit Rute, Pendel, etc.,<\/li>\n\n\n\n<li>Mittels Wahrnehmung raumenergetischer Ph\u00e4nomene mit und ohne Ger\u00e4teunterst\u00fctzung, uvm.<\/li>\n<\/ul>\n\n\n\n<p><br><\/p>\n\n\n\n<p><\/p>\n\n\n\n<div class=\"wp-block-group is-vertical is-content-justification-center is-layout-flex wp-container-core-group-is-layout-73a99bce wp-block-group-is-layout-flex\">\n<p class=\"has-text-align-center has-text-color\" style=\"color:#ae944e\">Warnhinweise, Spoiler und was ich dir sonst gerne noch sagen m\u00f6chte <\/p>\n\n\n\n<p class=\"has-text-align-center has-text-color\" style=\"color:#ae944e\">ohne mir ein Blatt vor den Mund zu nehmen:<\/p>\n<\/div>\n\n\n\n<p><br><\/p>\n\n\n\n<div class=\"wp-block-group is-vertical is-content-justification-center is-layout-flex wp-container-core-group-is-layout-73a99bce wp-block-group-is-layout-flex\">\n<p><\/p>\n<\/div>\n\n\n\n<h3 class=\"wp-block-heading has-text-align-left has-text-color\" style=\"color:#ae944e\">Ich bin kein Trainer, Coach, Guru.<\/h3>\n\n\n\n<p><\/p>\n\n\n\n<p>F\u00fcr echte Anliegen, Probleme und Themen braucht es einen authentischen Beistand, ehrliche Unterst\u00fctzung oder einen richtigen Freund und niemanden, der alles \u00fcber dein Leben besser wei\u00df \u2013 obwohl nur du es lebst.<\/p>\n\n\n\n<p><\/p>\n\n\n\n<p><\/p>\n\n\n\n<div class=\"wp-block-group is-vertical is-content-justification-center is-layout-flex wp-container-core-group-is-layout-48c2c4f0 wp-block-group-is-layout-flex\">\n<p class=\"has-text-align-center\"><strong><em>Gerade in der Arbeit mit dem Unterbewusstsein muss eines v\u00f6llig klar sein:<\/em><\/strong><\/p>\n\n\n\n<p class=\"has-text-align-center\"><strong><em>Sei dein eigener Trainer, Coach, Guru.<\/em><\/strong><\/p>\n<\/div>\n\n\n\n<p><\/p>\n\n\n\n<p>Solltest du dennoch einen externen Berater w\u00fcnschen, so lass dich einfach finden. Die Welt ist bereits zu voll von Besserwissern und nicht Bessermachern -&gt; du wei\u00dft schon, diese echten Vorbilder, diejenigen, die uns wirklich inspirieren und nicht blo\u00df influencen.<\/p>\n\n\n\n<p><br><\/p>\n\n\n\n<p><\/p>\n\n\n\n<h3 class=\"wp-block-heading has-text-align-left has-text-color\" style=\"color:#ae944e\">Don&#8217;t kill the messenger.<\/h3>\n\n\n\n<p class=\"has-text-align-center\"><\/p>\n\n\n\n<p>Ich bin &#8211; sofern n\u00f6tig \u2013 \u00dcberbringerin sowie \u00dcbersetzerin deiner eigenen Wahrheit. Obwohl tief in dir alles Wissen bereits vorhanden ist (deine Zellen), kann es manchmal doch etwas unangenehm sein, die Worte der Wahrheit klar gesagt zu bekommen. F\u00fcr einen goldenen Mittelweg m\u00f6chte ich dich bitten, nur Fragen zu stellen, dessen Antwort du \u2013 egal wie sie ausf\u00e4llt \u2013 annehmen k\u00f6nntest. Danke.<\/p>\n\n\n\n<p><br><\/p>\n\n\n\n<p><\/p>\n\n\n\n<h3 class=\"wp-block-heading has-text-align-left has-text-color\" style=\"color:#ae944e\">Ego versus Herz.<\/h3>\n\n\n\n<p class=\"has-text-align-center\"><\/p>\n\n\n\n<p>Unsere Sessions werden darauf ausgelegt sein, dass sich das wichtigste Anliegen mit der h\u00f6chsten Priorit\u00e4t zeigen darf. Das kann und wird nicht immer konform mit dem Thema sein, dass du akut dir gerne anschauen m\u00f6chtest. Die gute Nachricht daran: Oftmals stehen \u201e<a>must-want<\/a>\u201c und \u201emust-have\u201c in unmittelbarer Verbindung zueinander und die Praxis beweist oft genug, dass das eine das andere gerne mitausbalanciert. Das bringt mich gleich zum n\u00e4chsten Punkt\u2026<\/p>\n\n\n\n<p><br><\/p>\n\n\n\n<p><\/p>\n\n\n\n<h3 class=\"wp-block-heading has-text-align-left has-text-color\" style=\"color:#ae944e\">Zum h\u00f6chsten Wohle aller und f\u00fcr das gro\u00dfe Ganze.<\/h3>\n\n\n\n<p class=\"has-text-align-center\"><\/p>\n\n\n\n<p>Dein K\u00f6rper ist nicht immer konform mit dem, was dein Kopf aktuell f\u00fcr das Beste h\u00e4lt. Bei einer Session legen wir den Fokus vollkommen auf dein K\u00f6rperbewusstsein und glaub mir \u2013 beinahe auf magische Art und Weise werden sich L\u00f6sungswege ergeben, auf die dein Kopf selbst in deinen kreativsten Phasen gar nicht erst gekommen w\u00e4re. Und das nicht nur f\u00fcr dich, sondern f\u00fcr alle(s).<\/p>\n\n\n\n<p><br><\/p>\n\n\n\n<p><\/p>\n\n\n\n<h3 class=\"wp-block-heading has-text-align-left has-text-color\" style=\"color:#ae944e\">Wtf? Esoterische Kurpfuscherin!<\/h3>\n\n\n\n<p class=\"has-text-align-center\"><\/p>\n\n\n\n<p>Vermutlich w\u00fcrdest du diese Zeilen nicht lesen oder h\u00e4ttest meine Homepage gar nicht erst gefunden, wenn du ernsthaft davon ausgehen w\u00fcrdest, dass Humanenergetik krumme Dinger dreht.<\/p>\n\n\n\n<p>Ich will auch gar nicht abstreiten, dass es in unserer heutigen Esoterik nur gute Angebote gibt und die Leute aufgrund von schlechten Erfahrungen zu Misstrauen und Skepsis neigen.<\/p>\n\n\n\n<p>Zwei Dinge will ich somit klarstellen: In jedem Feld (also nicht nur in der Esoterik) gibt es unsch\u00f6ne, unseri\u00f6se Fakten, die mal lieber unter dem Teppich gekehrt werden,\u2026 und zweitens: Ich habe auch schon schlechte Erfahrungen gemacht, also kann ich das absolut unterstreichen, dass es jede Menge BS in der gro\u00dfen weiten Welt gibt.<\/p>\n\n\n\n<p><\/p>\n\n\n\n<p><\/p>\n\n\n\n<div class=\"wp-block-group is-vertical is-content-justification-center is-layout-flex wp-container-core-group-is-layout-73a99bce wp-block-group-is-layout-flex\">\n<p class=\"has-text-align-center\"><strong><em>Energetik. <\/em><\/strong><\/p>\n\n\n\n<p class=\"has-text-align-center\"><strong><em>Nicht Esoterik.<\/em><\/strong><\/p>\n<\/div>\n\n\n\n<p><\/p>\n\n\n\n<p><\/p>\n\n\n\n<p>Warum das gerne in einen Topf geworfen wird, sind vielleicht die Parallelen: Ungew\u00f6hnliches wird greifbar. Magisches\/mystisches zeigt sich. Unm\u00f6gliches beginnt logisch zu erscheinen. Au\u00dfergew\u00f6hnliches kann zutiefst be\u00e4ngstigen und wird m\u00f6glicherweise deshalb gerne verp\u00f6nt oder verleugnet. Aber keine Sorge, ich betreibe sehr bodenst\u00e4ndige Humanenergetik. Ich konzentriere mich auf Tatsachen. Ob diese in unser aktuelles Weltbild passen oder nicht, ist eine andere Geschichte f\u00fcr einen anderen Zeitpunkt. Aber nun weg von den Parawissenschaften und hin zu offiziell Anerkanntem:<\/p>\n\n\n\n<p><br><\/p>\n\n\n\n<p><\/p>\n\n\n\n<h3 class=\"wp-block-heading has-text-align-left has-text-color\" style=\"color:#ae944e\">Geh zu Experten!<\/h3>\n\n\n\n<p class=\"has-text-align-center\"><\/p>\n\n\n\n<p>Allgemeiner Hinweis: Ich stelle weder Diagnosen noch mache ich Heilversprechen. Eine kinesiologische Session ersetzt nicht den Besuch bei \u00c4rzten oder Experten.<\/p>\n\n\n\n<p><br><\/p>\n\n\n\n<p><\/p>\n\n\n\n<h3 class=\"wp-block-heading has-text-align-left has-text-color\" style=\"color:#ae944e\">Generelle Glaubw\u00fcrdigkeit:<\/h3>\n\n\n\n<p class=\"has-text-align-center\"><\/p>\n\n\n\n<p>Nur weil du es aktuell nicht sehen kannst, nicht h\u00f6ren kannst, ja schon gar nicht fassen kannst, hei\u00dft es nicht, dass es nicht existiert, funktioniert. Oftmals f\u00e4llt es dem Kopf leichter zu glauben, dass eine Balance nur dann geschaffen werden kann, wenn ein Hilfsmittel mit im Spiel ist. Beispielsweise sagt dir dein Kopf, dass die Einnahme von Kapseln den Gesundungsprozess f\u00f6rdern, weil du ja aktiv etwas daf\u00fcr tust.<\/p>\n\n\n\n<p>Im Grunde ist es in der Kinesiologie dasselbe: Du arbeitest aktiv an dir, mit deinem Unterbewusstsein, mit deinem gesamten Energiesystem. Jedoch scheint es so, dass du am Ende nichts in der Hand hast, also zumindest keine Kapseln. Was bleibt ist ein Gef\u00fchl.<\/p>\n\n\n\n<p>Die gute Nachricht: Dein Kopf kann glauben, was er will. Das wird dein Energiesystem keinesfalls davon abhalten, gemeinsam mit deinem Unterbewusstsein die n\u00f6tige Arbeit zu tun.<\/p>\n\n\n\n<p><\/p>\n\n\n\n<p><\/p>\n\n\n\n<div class=\"wp-block-group is-vertical is-content-justification-center is-layout-flex wp-container-core-group-is-layout-73a99bce wp-block-group-is-layout-flex\">\n<p class=\"has-text-align-center\"><strong><em>Energie ist kein nebens\u00e4chlicher, unterschwelliger, belangloser Faktor.<\/em><\/strong><\/p>\n\n\n\n<p class=\"has-text-align-center\"><strong><em>Es gilt als Basis f\u00fcr ALLES &amp; ALLES IST ENERGIE.<\/em><\/strong><\/p>\n<\/div>\n\n\n\n<p><\/p>\n\n\n\n<p><\/p>\n\n\n\n<p>Oftmals reicht eine kleine Info, ein kleiner Impuls f\u00fcr dein Unterbewusstsein aus, um regelrecht loszust\u00fcrmen. Warum also den zus\u00e4tzlichen Weg gehen und jede Woche zwangsweise ein Salzbad nehmen, um deine Aura zu reinigen? Oder alle drei Stunden das Haus durchr\u00e4uchern und geistig einen Schutzpanzer aufbauen damit b\u00f6se Geister dich nicht finden? Oder st\u00fcndlich deine Affirmationen f\u00fcr ein besseres Leben durchbeten?<\/p>\n\n\n\n<p>Die Zeiten, in denen nur harte, schwere und massenhafte Arbeit etwas z\u00e4hlt, sind vorbei. Es darf nun leicht gehen und vielleicht auch noch ein klein wenig Spa\u00df machen. Au\u00dferdem\u2026 hast du bist zum Zeitpunkt der Session das eine oder andere Thema ohnehin schon dein ganzes Leben lang getragen. Das m\u00fcsste dann doch ausreichen, nicht wahr?<\/p>\n\n\n\n<hr class=\"wp-block-separator has-alpha-channel-opacity\"\/>\n\n\n\n<ul class=\"wp-block-social-links aligncenter is-layout-flex wp-block-social-links-is-layout-flex\"><li class=\"wp-social-link wp-social-link-instagram  wp-block-social-link\"><a href=\"https:\/\/www.instagram.com\/mariannes_atelier_\/\" class=\"wp-block-social-link-anchor\"><svg width=\"24\" height=\"24\" viewBox=\"0 0 24 24\" version=\"1.1\" xmlns=\"http:\/\/www.w3.org\/2000\/svg\" aria-hidden=\"true\" focusable=\"false\"><path d=\"M12,4.622c2.403,0,2.688,0.009,3.637,0.052c0.877,0.04,1.354,0.187,1.671,0.31c0.42,0.163,0.72,0.358,1.035,0.673 c0.315,0.315,0.51,0.615,0.673,1.035c0.123,0.317,0.27,0.794,0.31,1.671c0.043,0.949,0.052,1.234,0.052,3.637 s-0.009,2.688-0.052,3.637c-0.04,0.877-0.187,1.354-0.31,1.671c-0.163,0.42-0.358,0.72-0.673,1.035 c-0.315,0.315-0.615,0.51-1.035,0.673c-0.317,0.123-0.794,0.27-1.671,0.31c-0.949,0.043-1.233,0.052-3.637,0.052 s-2.688-0.009-3.637-0.052c-0.877-0.04-1.354-0.187-1.671-0.31c-0.42-0.163-0.72-0.358-1.035-0.673 c-0.315-0.315-0.51-0.615-0.673-1.035c-0.123-0.317-0.27-0.794-0.31-1.671C4.631,14.688,4.622,14.403,4.622,12 s0.009-2.688,0.052-3.637c0.04-0.877,0.187-1.354,0.31-1.671c0.163-0.42,0.358-0.72,0.673-1.035 c0.315-0.315,0.615-0.51,1.035-0.673c0.317-0.123,0.794-0.27,1.671-0.31C9.312,4.631,9.597,4.622,12,4.622 M12,3 C9.556,3,9.249,3.01,8.289,3.054C7.331,3.098,6.677,3.25,6.105,3.472C5.513,3.702,5.011,4.01,4.511,4.511 c-0.5,0.5-0.808,1.002-1.038,1.594C3.25,6.677,3.098,7.331,3.054,8.289C3.01,9.249,3,9.556,3,12c0,2.444,0.01,2.751,0.054,3.711 c0.044,0.958,0.196,1.612,0.418,2.185c0.23,0.592,0.538,1.094,1.038,1.594c0.5,0.5,1.002,0.808,1.594,1.038 c0.572,0.222,1.227,0.375,2.185,0.418C9.249,20.99,9.556,21,12,21s2.751-0.01,3.711-0.054c0.958-0.044,1.612-0.196,2.185-0.418 c0.592-0.23,1.094-0.538,1.594-1.038c0.5-0.5,0.808-1.002,1.038-1.594c0.222-0.572,0.375-1.227,0.418-2.185 C20.99,14.751,21,14.444,21,12s-0.01-2.751-0.054-3.711c-0.044-0.958-0.196-1.612-0.418-2.185c-0.23-0.592-0.538-1.094-1.038-1.594 c-0.5-0.5-1.002-0.808-1.594-1.038c-0.572-0.222-1.227-0.375-2.185-0.418C14.751,3.01,14.444,3,12,3L12,3z M12,7.378 c-2.552,0-4.622,2.069-4.622,4.622S9.448,16.622,12,16.622s4.622-2.069,4.622-4.622S14.552,7.378,12,7.378z M12,15 c-1.657,0-3-1.343-3-3s1.343-3,3-3s3,1.343,3,3S13.657,15,12,15z M16.804,6.116c-0.596,0-1.08,0.484-1.08,1.08 s0.484,1.08,1.08,1.08c0.596,0,1.08-0.484,1.08-1.08S17.401,6.116,16.804,6.116z\"><\/path><\/svg><span class=\"wp-block-social-link-label screen-reader-text\">Instagram<\/span><\/a><\/li>\n\n<li class=\"wp-social-link wp-social-link-chain  wp-block-social-link\"><a href=\"https:\/\/firmen.wko.at\/mag-marianne-maier%2C-ba-humanenergetik---kinesiologie\/steiermark\/?firmaid=737c9e25-34e6-4d59-a838-1bb89f5cb7b6\" class=\"wp-block-social-link-anchor\"><svg width=\"24\" height=\"24\" viewBox=\"0 0 24 24\" version=\"1.1\" xmlns=\"http:\/\/www.w3.org\/2000\/svg\" aria-hidden=\"true\" focusable=\"false\"><path d=\"M15.6,7.2H14v1.5h1.6c2,0,3.7,1.7,3.7,3.7s-1.7,3.7-3.7,3.7H14v1.5h1.6c2.8,0,5.2-2.3,5.2-5.2,0-2.9-2.3-5.2-5.2-5.2zM4.7,12.4c0-2,1.7-3.7,3.7-3.7H10V7.2H8.4c-2.9,0-5.2,2.3-5.2,5.2,0,2.9,2.3,5.2,5.2,5.2H10v-1.5H8.4c-2,0-3.7-1.7-3.7-3.7zm4.6.9h5.3v-1.5H9.3v1.5z\"><\/path><\/svg><span class=\"wp-block-social-link-label screen-reader-text\">Link<\/span><\/a><\/li>\n\n<li class=\"wp-social-link wp-social-link-whatsapp  wp-block-social-link\"><a href=\"https:\/\/wa.me\/+436643797249\" class=\"wp-block-social-link-anchor\"><svg width=\"24\" height=\"24\" viewBox=\"0 0 24 24\" version=\"1.1\" xmlns=\"http:\/\/www.w3.org\/2000\/svg\" aria-hidden=\"true\" focusable=\"false\"><path d=\"M 12.011719 2 C 6.5057187 2 2.0234844 6.478375 2.0214844 11.984375 C 2.0204844 13.744375 2.4814687 15.462563 3.3554688 16.976562 L 2 22 L 7.2324219 20.763672 C 8.6914219 21.559672 10.333859 21.977516 12.005859 21.978516 L 12.009766 21.978516 C 17.514766 21.978516 21.995047 17.499141 21.998047 11.994141 C 22.000047 9.3251406 20.962172 6.8157344 19.076172 4.9277344 C 17.190172 3.0407344 14.683719 2.001 12.011719 2 z M 12.009766 4 C 14.145766 4.001 16.153109 4.8337969 17.662109 6.3417969 C 19.171109 7.8517969 20.000047 9.8581875 19.998047 11.992188 C 19.996047 16.396187 16.413812 19.978516 12.007812 19.978516 C 10.674812 19.977516 9.3544062 19.642812 8.1914062 19.007812 L 7.5175781 18.640625 L 6.7734375 18.816406 L 4.8046875 19.28125 L 5.2851562 17.496094 L 5.5019531 16.695312 L 5.0878906 15.976562 C 4.3898906 14.768562 4.0204844 13.387375 4.0214844 11.984375 C 4.0234844 7.582375 7.6067656 4 12.009766 4 z M 8.4765625 7.375 C 8.3095625 7.375 8.0395469 7.4375 7.8105469 7.6875 C 7.5815469 7.9365 6.9355469 8.5395781 6.9355469 9.7675781 C 6.9355469 10.995578 7.8300781 12.182609 7.9550781 12.349609 C 8.0790781 12.515609 9.68175 15.115234 12.21875 16.115234 C 14.32675 16.946234 14.754891 16.782234 15.212891 16.740234 C 15.670891 16.699234 16.690438 16.137687 16.898438 15.554688 C 17.106437 14.971687 17.106922 14.470187 17.044922 14.367188 C 16.982922 14.263188 16.816406 14.201172 16.566406 14.076172 C 16.317406 13.951172 15.090328 13.348625 14.861328 13.265625 C 14.632328 13.182625 14.464828 13.140625 14.298828 13.390625 C 14.132828 13.640625 13.655766 14.201187 13.509766 14.367188 C 13.363766 14.534188 13.21875 14.556641 12.96875 14.431641 C 12.71875 14.305641 11.914938 14.041406 10.960938 13.191406 C 10.218937 12.530406 9.7182656 11.714844 9.5722656 11.464844 C 9.4272656 11.215844 9.5585938 11.079078 9.6835938 10.955078 C 9.7955938 10.843078 9.9316406 10.663578 10.056641 10.517578 C 10.180641 10.371578 10.223641 10.267562 10.306641 10.101562 C 10.389641 9.9355625 10.347156 9.7890625 10.285156 9.6640625 C 10.223156 9.5390625 9.737625 8.3065 9.515625 7.8125 C 9.328625 7.3975 9.131125 7.3878594 8.953125 7.3808594 C 8.808125 7.3748594 8.6425625 7.375 8.4765625 7.375 z\"><\/path><\/svg><span class=\"wp-block-social-link-label screen-reader-text\">WhatsApp<\/span><\/a><\/li><\/ul>\n","protected":false},"excerpt":{"rendered":"<p>Wann ist der richtige Zeitpunkt f\u00fcr eine Session? Kinesiologie wird zur Pr\u00e4vention oder bei bestehenden Beschwerden eingesetzt. Sie ist f\u00fcr Menschen jeden Alters geeignet. Das Spektrum und der Bedarf f\u00fcr kinesiologische Sitzungen sind allumfassend. Anwendungsbereiche sind beispielsweise \u00c4ngste, Stress, \u00dcberforderung, Schlafst\u00f6rungen, Allergien, Schmerzen, Hindernisse und Blockaden, Verstimmungen, auff\u00e4llige Verhaltensweisen, Schwierigkeiten mit der Verdauung, sowie vieles&#8230;<\/p>\n","protected":false},"author":1,"featured_media":0,"parent":0,"menu_order":0,"comment_status":"closed","ping_status":"closed","template":"","meta":{"footnotes":""},"class_list":["post-143","page","type-page","status-publish","hentry"],"_links":{"self":[{"href":"https:\/\/mariannes-atelier.com\/index.php?rest_route=\/wp\/v2\/pages\/143","targetHints":{"allow":["GET"]}}],"collection":[{"href":"https:\/\/mariannes-atelier.com\/index.php?rest_route=\/wp\/v2\/pages"}],"about":[{"href":"https:\/\/mariannes-atelier.com\/index.php?rest_route=\/wp\/v2\/types\/page"}],"author":[{"embeddable":true,"href":"https:\/\/mariannes-atelier.com\/index.php?rest_route=\/wp\/v2\/users\/1"}],"replies":[{"embeddable":true,"href":"https:\/\/mariannes-atelier.com\/index.php?rest_route=%2Fwp%2Fv2%2Fcomments&post=143"}],"version-history":[{"count":10,"href":"https:\/\/mariannes-atelier.com\/index.php?rest_route=\/wp\/v2\/pages\/143\/revisions"}],"predecessor-version":[{"id":274,"href":"https:\/\/mariannes-atelier.com\/index.php?rest_route=\/wp\/v2\/pages\/143\/revisions\/274"}],"wp:attachment":[{"href":"https:\/\/mariannes-atelier.com\/index.php?rest_route=%2Fwp%2Fv2%2Fmedia&parent=143"}],"curies":[{"name":"wp","href":"https:\/\/api.w.org\/{rel}","templated":true}]}}