{"id":2,"date":"2022-12-28T20:05:49","date_gmt":"2022-12-28T20:05:49","guid":{"rendered":"http:\/\/s946090378.online.de\/?page_id=2"},"modified":"2023-06-21T15:18:41","modified_gmt":"2023-06-21T15:18:41","slug":"homepage","status":"publish","type":"page","link":"https:\/\/mariannes-atelier.com\/","title":{"rendered":"Herzlich Willkommen&#8230;"},"content":{"rendered":"\n<p class=\"has-text-align-center has-medium-font-size\">\u2026inmitten der hohen Kunst der Kinesiologie.<\/p>\n\n\n\n<figure class=\"wp-block-image size-large\"><img loading=\"lazy\" decoding=\"async\" width=\"1024\" height=\"818\" src=\"https:\/\/mariannes-atelier.com\/wp-content\/uploads\/2023\/06\/Foto-1024x818.jpg\" alt=\"\" class=\"wp-image-284\" srcset=\"https:\/\/mariannes-atelier.com\/wp-content\/uploads\/2023\/06\/Foto-1024x818.jpg 1024w, https:\/\/mariannes-atelier.com\/wp-content\/uploads\/2023\/06\/Foto-300x240.jpg 300w, https:\/\/mariannes-atelier.com\/wp-content\/uploads\/2023\/06\/Foto-768x614.jpg 768w, https:\/\/mariannes-atelier.com\/wp-content\/uploads\/2023\/06\/Foto-1536x1227.jpg 1536w, https:\/\/mariannes-atelier.com\/wp-content\/uploads\/2023\/06\/Foto-2048x1636.jpg 2048w, https:\/\/mariannes-atelier.com\/wp-content\/uploads\/2023\/06\/Foto-850x679.jpg 850w\" sizes=\"auto, (max-width: 1024px) 100vw, 1024px\" \/><\/figure>\n\n\n\n<p><br><\/p>\n\n\n\n<p class=\"has-text-align-center has-medium-font-size\">Ich m\u00f6chte dich herzlich einladen, mein Atelier und mich kennenzulernen!<br><\/p>\n\n\n\n<div class=\"wp-block-columns is-layout-flex wp-container-core-columns-is-layout-9d6595d7 wp-block-columns-is-layout-flex\">\n<div class=\"wp-block-column is-layout-flow wp-block-column-is-layout-flow\">\n<figure class=\"wp-block-gallery has-nested-images columns-default is-cropped wp-block-gallery-1 is-layout-flex wp-block-gallery-is-layout-flex\">\n<figure class=\"wp-block-image size-large\"><img loading=\"lazy\" decoding=\"async\" width=\"514\" height=\"598\" data-id=\"230\" src=\"https:\/\/mariannes-atelier.com\/wp-content\/uploads\/2023\/04\/Symbole_Seite_24-e1681142639793-edited-5.jpg\" alt=\"\" class=\"wp-image-230\" srcset=\"https:\/\/mariannes-atelier.com\/wp-content\/uploads\/2023\/04\/Symbole_Seite_24-e1681142639793-edited-5.jpg 514w, https:\/\/mariannes-atelier.com\/wp-content\/uploads\/2023\/04\/Symbole_Seite_24-e1681142639793-edited-5-258x300.jpg 258w, https:\/\/mariannes-atelier.com\/wp-content\/uploads\/2023\/04\/Symbole_Seite_24-e1681142639793-edited-5-300x349.jpg 300w\" sizes=\"auto, (max-width: 514px) 100vw, 514px\" \/><\/figure>\n<\/figure>\n\n\n\n<h3 class=\"wp-block-heading has-text-align-center\"><mark style=\"background-color:rgba(0, 0, 0, 0);color:#ae944e\" class=\"has-inline-color\">THEMATIK.<\/mark><\/h3>\n\n\n\n<div class=\"wp-block-group is-vertical is-content-justification-center is-layout-flex wp-container-core-group-is-layout-48c2c4f0 wp-block-group-is-layout-flex\">\n<p class=\"has-text-align-center\">Das, was ist.<\/p>\n\n\n\n<p class=\"has-text-align-center\">Das, was st\u00f6rt.<\/p>\n<\/div>\n<\/div>\n\n\n\n<div class=\"wp-block-column is-layout-flow wp-block-column-is-layout-flow\">\n<figure class=\"wp-block-gallery has-nested-images columns-default is-cropped wp-block-gallery-2 is-layout-flex wp-block-gallery-is-layout-flex\">\n<figure class=\"wp-block-image size-large\"><img loading=\"lazy\" decoding=\"async\" width=\"523\" height=\"616\" data-id=\"231\" src=\"https:\/\/mariannes-atelier.com\/wp-content\/uploads\/2023\/04\/Symbole_Seite_33-e1681142249609-edited.jpg\" alt=\"\" class=\"wp-image-231\" srcset=\"https:\/\/mariannes-atelier.com\/wp-content\/uploads\/2023\/04\/Symbole_Seite_33-e1681142249609-edited.jpg 523w, https:\/\/mariannes-atelier.com\/wp-content\/uploads\/2023\/04\/Symbole_Seite_33-e1681142249609-edited-255x300.jpg 255w, https:\/\/mariannes-atelier.com\/wp-content\/uploads\/2023\/04\/Symbole_Seite_33-e1681142249609-edited-300x353.jpg 300w\" sizes=\"auto, (max-width: 523px) 100vw, 523px\" \/><\/figure>\n<\/figure>\n\n\n\n<h3 class=\"wp-block-heading has-text-align-center\"><mark style=\"background-color:rgba(0, 0, 0, 0);color:#ae944e\" class=\"has-inline-color\">URSPRUNG.<\/mark><\/h3>\n\n\n\n<div class=\"wp-block-group is-vertical is-content-justification-center is-layout-flex wp-container-core-group-is-layout-48c2c4f0 wp-block-group-is-layout-flex\">\n<div class=\"wp-block-group is-vertical is-content-justification-center is-layout-flex wp-container-core-group-is-layout-4b2eccd6 wp-block-group-is-layout-flex\">\n<p class=\"has-text-align-center\">Das, was war. <\/p>\n\n\n\n<p class=\"has-text-align-center\">Da, wo es her kommt.<\/p>\n<\/div>\n<\/div>\n<\/div>\n\n\n\n<div class=\"wp-block-column is-layout-flow wp-block-column-is-layout-flow\">\n<figure class=\"wp-block-gallery has-nested-images columns-default is-cropped wp-block-gallery-3 is-layout-flex wp-block-gallery-is-layout-flex\">\n<figure class=\"wp-block-image size-large\"><img loading=\"lazy\" decoding=\"async\" width=\"531\" height=\"616\" data-id=\"232\" src=\"https:\/\/mariannes-atelier.com\/wp-content\/uploads\/2023\/04\/Symbole_Seite_23-e1681142556792-edited.jpg\" alt=\"\" class=\"wp-image-232\" srcset=\"https:\/\/mariannes-atelier.com\/wp-content\/uploads\/2023\/04\/Symbole_Seite_23-e1681142556792-edited.jpg 531w, https:\/\/mariannes-atelier.com\/wp-content\/uploads\/2023\/04\/Symbole_Seite_23-e1681142556792-edited-259x300.jpg 259w, https:\/\/mariannes-atelier.com\/wp-content\/uploads\/2023\/04\/Symbole_Seite_23-e1681142556792-edited-300x348.jpg 300w\" sizes=\"auto, (max-width: 531px) 100vw, 531px\" \/><\/figure>\n<\/figure>\n\n\n\n<h3 class=\"wp-block-heading has-text-align-center\"><mark style=\"background-color:rgba(0, 0, 0, 0);color:#ae944e\" class=\"has-inline-color\">BALANCE.<\/mark><\/h3>\n\n\n\n<div class=\"wp-block-group is-vertical is-content-justification-center is-layout-flex wp-container-core-group-is-layout-48c2c4f0 wp-block-group-is-layout-flex\">\n<p class=\"has-text-align-center\">Das, was sein k\u00f6nnte. <\/p>\n\n\n\n<p class=\"has-text-align-center\">Dann, wenn es wieder gut ist.<\/p>\n<\/div>\n<\/div>\n<\/div>\n\n\n\n<p class=\"has-text-align-center\"><br><\/p>\n\n\n\n<h3 class=\"wp-block-heading has-text-align-left\"><mark style=\"background-color:rgba(0, 0, 0, 0);color:#ae944e\" class=\"has-inline-color\">Was ist Kinesiologie?<\/mark><\/h3>\n\n\n\n<p><\/p>\n\n\n\n<p>Die Kinesiologie ist die Lehre von Bewegung und basiert auf dem Grundgedanken der TCM (Traditionellen Chinesischen Medizin). Demnach bestimmt der Fluss der Lebensenergie die Gesundheit des menschlichen K\u00f6rpers. In der Kinesiologie geht man davon aus, dass k\u00f6rperliche und seelische Probleme entstehen, wenn dieser Energiefluss im K\u00f6rper gest\u00f6rt ist.<\/p>\n\n\n\n<p>Der Anwendungsbereich der Kinesiologie umfasst nicht nur bestimmte Symptome, sondern Ungleichgewichte im gesamten K\u00f6rper-Geist-System:<\/p>\n\n\n\n<p><\/p>\n\n\n\n<p><\/p>\n\n\n\n<ul class=\"wp-block-list\">\n<li>Du bist total gestresst im Alltag?<\/li>\n\n\n\n<li>Dich besch\u00e4ftigen immer wiederkehrende Alptr\u00e4ume?<\/li>\n\n\n\n<li>Deine Freundschaften\/Beziehungen enden immer nach demselben Prinzip\/aus denselben Gr\u00fcnden?<\/li>\n\n\n\n<li>Du hast Verspannungen und\/oder Schmerzen in bestimmten K\u00f6rperregionen?<\/li>\n\n\n\n<li>Du k\u00e4mpfst mit Liebeskummer, Eifersucht oder Verlust\u00e4ngsten in deinen Verbindungen?<\/li>\n\n\n\n<li>Eine komplizierte Geschichte aus der Vergangenheit belastet dich immer noch?<\/li>\n\n\n\n<li>F\u00fcr genau dein Thema scheint es absolut keine L\u00f6sung zu geben und du selbst findest ebenso keinen Ausweg mehr?<\/li>\n\n\n\n<li>Es gibt Probleme und\/oder Blockaden bei der Familienplanung?<\/li>\n\n\n\n<li>Du vermisst eine verstorbene Person, ein verstorbenes Haustier?<\/li>\n\n\n\n<li>Dein Umfeld mobbt dich am Arbeitsplatz\/in der Schule?<\/li>\n\n\n\n<li>Es gelingt dir einfach nicht, einen passenden Job\/eine passende Studienrichtung zu finden?<\/li>\n\n\n\n<li>Du bist oft grundlos traurig, depressiv oder verstimmt?<\/li>\n\n\n\n<li>Du glaubst du bist verwirrt, verr\u00fcckt oder hast in deinen Aufgaben vollends versagt?<\/li>\n\n\n\n<li>Du hast ein unverkennbares k\u00f6rperliches Merkmal und m\u00f6chtest gerne wissen, was es damit auf sich hat?<\/li>\n\n\n\n<li>Du f\u00fchlst dich nicht gut in deinem Zuhause? In deinem aktuellen Umfeld?<\/li>\n\n\n\n<li>Familienstreitigkeiten stehen mittlerweile auf der Tagesordnung?<\/li>\n\n\n\n<li>Manchmal m\u00f6chtest du Zuschlagen? Etwas gegen die Wand werfen? Jemanden zutiefst verletzen? Rache aus\u00fcben?<\/li>\n\n\n\n<li>Deine Kinder reden nicht mehr mit dir?<\/li>\n\n\n\n<li>Pl\u00f6tzliche Panikattacken treten immer h\u00e4ufiger auf?<\/li>\n\n\n\n<li>Du hasst deinen K\u00f6rper? Dein Aussehen? Dich selbst?<\/li>\n\n\n\n<li>Alle deine Fragen bleiben immer unbeantwortet?<\/li>\n\n\n\n<li>Du willst nicht mehr&#8230;? Und alles macht sowieso keinen Sinn mehr?<\/li>\n<\/ul>\n\n\n\n<p><br><\/p>\n\n\n\n<p class=\"has-text-align-center\"><strong><em>Es ist nicht gleich alles verloren, auch wenn es manchmal ausweglos erscheint.<\/em><\/strong><\/p>\n\n\n\n<p class=\"has-text-align-center\"><strong><em>Aber fragen wir doch einfach deinen K\u00f6rper -&gt; er kennt die Antworten!<\/em><\/strong><\/p>\n\n\n\n<p><br><\/p>\n\n\n\n<p class=\"has-text-align-center has-text-color\" style=\"color:#ae944e\"><strong>Hinweis\/ Haftungsausschluss:<\/strong><\/p>\n\n\n\n<p class=\"has-text-align-center has-text-color\" style=\"color:#ae944e\">Ich stelle weder Diagnosen noch mache ich Heilversprechen. Eine kinesiologische Session ersetzt nicht den Besuch bei \u00c4rzten oder Experten.<br><\/p>\n\n\n\n<hr class=\"wp-block-separator has-alpha-channel-opacity\"\/>\n\n\n\n<ul class=\"wp-block-social-links aligncenter is-layout-flex wp-block-social-links-is-layout-flex\"><li class=\"wp-social-link wp-social-link-instagram  wp-block-social-link\"><a href=\"https:\/\/www.instagram.com\/mariannes_atelier_\/\" class=\"wp-block-social-link-anchor\"><svg width=\"24\" height=\"24\" viewBox=\"0 0 24 24\" version=\"1.1\" xmlns=\"http:\/\/www.w3.org\/2000\/svg\" aria-hidden=\"true\" focusable=\"false\"><path d=\"M12,4.622c2.403,0,2.688,0.009,3.637,0.052c0.877,0.04,1.354,0.187,1.671,0.31c0.42,0.163,0.72,0.358,1.035,0.673 c0.315,0.315,0.51,0.615,0.673,1.035c0.123,0.317,0.27,0.794,0.31,1.671c0.043,0.949,0.052,1.234,0.052,3.637 s-0.009,2.688-0.052,3.637c-0.04,0.877-0.187,1.354-0.31,1.671c-0.163,0.42-0.358,0.72-0.673,1.035 c-0.315,0.315-0.615,0.51-1.035,0.673c-0.317,0.123-0.794,0.27-1.671,0.31c-0.949,0.043-1.233,0.052-3.637,0.052 s-2.688-0.009-3.637-0.052c-0.877-0.04-1.354-0.187-1.671-0.31c-0.42-0.163-0.72-0.358-1.035-0.673 c-0.315-0.315-0.51-0.615-0.673-1.035c-0.123-0.317-0.27-0.794-0.31-1.671C4.631,14.688,4.622,14.403,4.622,12 s0.009-2.688,0.052-3.637c0.04-0.877,0.187-1.354,0.31-1.671c0.163-0.42,0.358-0.72,0.673-1.035 c0.315-0.315,0.615-0.51,1.035-0.673c0.317-0.123,0.794-0.27,1.671-0.31C9.312,4.631,9.597,4.622,12,4.622 M12,3 C9.556,3,9.249,3.01,8.289,3.054C7.331,3.098,6.677,3.25,6.105,3.472C5.513,3.702,5.011,4.01,4.511,4.511 c-0.5,0.5-0.808,1.002-1.038,1.594C3.25,6.677,3.098,7.331,3.054,8.289C3.01,9.249,3,9.556,3,12c0,2.444,0.01,2.751,0.054,3.711 c0.044,0.958,0.196,1.612,0.418,2.185c0.23,0.592,0.538,1.094,1.038,1.594c0.5,0.5,1.002,0.808,1.594,1.038 c0.572,0.222,1.227,0.375,2.185,0.418C9.249,20.99,9.556,21,12,21s2.751-0.01,3.711-0.054c0.958-0.044,1.612-0.196,2.185-0.418 c0.592-0.23,1.094-0.538,1.594-1.038c0.5-0.5,0.808-1.002,1.038-1.594c0.222-0.572,0.375-1.227,0.418-2.185 C20.99,14.751,21,14.444,21,12s-0.01-2.751-0.054-3.711c-0.044-0.958-0.196-1.612-0.418-2.185c-0.23-0.592-0.538-1.094-1.038-1.594 c-0.5-0.5-1.002-0.808-1.594-1.038c-0.572-0.222-1.227-0.375-2.185-0.418C14.751,3.01,14.444,3,12,3L12,3z M12,7.378 c-2.552,0-4.622,2.069-4.622,4.622S9.448,16.622,12,16.622s4.622-2.069,4.622-4.622S14.552,7.378,12,7.378z M12,15 c-1.657,0-3-1.343-3-3s1.343-3,3-3s3,1.343,3,3S13.657,15,12,15z M16.804,6.116c-0.596,0-1.08,0.484-1.08,1.08 s0.484,1.08,1.08,1.08c0.596,0,1.08-0.484,1.08-1.08S17.401,6.116,16.804,6.116z\"><\/path><\/svg><span class=\"wp-block-social-link-label screen-reader-text\">Instagram<\/span><\/a><\/li>\n\n<li class=\"wp-social-link wp-social-link-chain  wp-block-social-link\"><a href=\"https:\/\/firmen.wko.at\/mag-marianne-maier%2C-ba-humanenergetik---kinesiologie\/steiermark\/?firmaid=737c9e25-34e6-4d59-a838-1bb89f5cb7b6\" class=\"wp-block-social-link-anchor\"><svg width=\"24\" height=\"24\" viewBox=\"0 0 24 24\" version=\"1.1\" xmlns=\"http:\/\/www.w3.org\/2000\/svg\" aria-hidden=\"true\" focusable=\"false\"><path d=\"M15.6,7.2H14v1.5h1.6c2,0,3.7,1.7,3.7,3.7s-1.7,3.7-3.7,3.7H14v1.5h1.6c2.8,0,5.2-2.3,5.2-5.2,0-2.9-2.3-5.2-5.2-5.2zM4.7,12.4c0-2,1.7-3.7,3.7-3.7H10V7.2H8.4c-2.9,0-5.2,2.3-5.2,5.2,0,2.9,2.3,5.2,5.2,5.2H10v-1.5H8.4c-2,0-3.7-1.7-3.7-3.7zm4.6.9h5.3v-1.5H9.3v1.5z\"><\/path><\/svg><span class=\"wp-block-social-link-label screen-reader-text\">Link<\/span><\/a><\/li>\n\n<li class=\"wp-social-link wp-social-link-whatsapp  wp-block-social-link\"><a href=\"https:\/\/wa.me\/+436643797249\" class=\"wp-block-social-link-anchor\"><svg width=\"24\" height=\"24\" viewBox=\"0 0 24 24\" version=\"1.1\" xmlns=\"http:\/\/www.w3.org\/2000\/svg\" aria-hidden=\"true\" focusable=\"false\"><path d=\"M 12.011719 2 C 6.5057187 2 2.0234844 6.478375 2.0214844 11.984375 C 2.0204844 13.744375 2.4814687 15.462563 3.3554688 16.976562 L 2 22 L 7.2324219 20.763672 C 8.6914219 21.559672 10.333859 21.977516 12.005859 21.978516 L 12.009766 21.978516 C 17.514766 21.978516 21.995047 17.499141 21.998047 11.994141 C 22.000047 9.3251406 20.962172 6.8157344 19.076172 4.9277344 C 17.190172 3.0407344 14.683719 2.001 12.011719 2 z M 12.009766 4 C 14.145766 4.001 16.153109 4.8337969 17.662109 6.3417969 C 19.171109 7.8517969 20.000047 9.8581875 19.998047 11.992188 C 19.996047 16.396187 16.413812 19.978516 12.007812 19.978516 C 10.674812 19.977516 9.3544062 19.642812 8.1914062 19.007812 L 7.5175781 18.640625 L 6.7734375 18.816406 L 4.8046875 19.28125 L 5.2851562 17.496094 L 5.5019531 16.695312 L 5.0878906 15.976562 C 4.3898906 14.768562 4.0204844 13.387375 4.0214844 11.984375 C 4.0234844 7.582375 7.6067656 4 12.009766 4 z M 8.4765625 7.375 C 8.3095625 7.375 8.0395469 7.4375 7.8105469 7.6875 C 7.5815469 7.9365 6.9355469 8.5395781 6.9355469 9.7675781 C 6.9355469 10.995578 7.8300781 12.182609 7.9550781 12.349609 C 8.0790781 12.515609 9.68175 15.115234 12.21875 16.115234 C 14.32675 16.946234 14.754891 16.782234 15.212891 16.740234 C 15.670891 16.699234 16.690438 16.137687 16.898438 15.554688 C 17.106437 14.971687 17.106922 14.470187 17.044922 14.367188 C 16.982922 14.263188 16.816406 14.201172 16.566406 14.076172 C 16.317406 13.951172 15.090328 13.348625 14.861328 13.265625 C 14.632328 13.182625 14.464828 13.140625 14.298828 13.390625 C 14.132828 13.640625 13.655766 14.201187 13.509766 14.367188 C 13.363766 14.534188 13.21875 14.556641 12.96875 14.431641 C 12.71875 14.305641 11.914938 14.041406 10.960938 13.191406 C 10.218937 12.530406 9.7182656 11.714844 9.5722656 11.464844 C 9.4272656 11.215844 9.5585938 11.079078 9.6835938 10.955078 C 9.7955938 10.843078 9.9316406 10.663578 10.056641 10.517578 C 10.180641 10.371578 10.223641 10.267562 10.306641 10.101562 C 10.389641 9.9355625 10.347156 9.7890625 10.285156 9.6640625 C 10.223156 9.5390625 9.737625 8.3065 9.515625 7.8125 C 9.328625 7.3975 9.131125 7.3878594 8.953125 7.3808594 C 8.808125 7.3748594 8.6425625 7.375 8.4765625 7.375 z\"><\/path><\/svg><span class=\"wp-block-social-link-label screen-reader-text\">WhatsApp<\/span><\/a><\/li><\/ul>\n","protected":false},"excerpt":{"rendered":"<p>\u2026inmitten der hohen Kunst der Kinesiologie. Ich m\u00f6chte dich herzlich einladen, mein Atelier und mich kennenzulernen! THEMATIK. Das, was ist. Das, was st\u00f6rt. URSPRUNG. Das, was war. Da, wo es her kommt. BALANCE. Das, was sein k\u00f6nnte. Dann, wenn es wieder gut ist. Was ist Kinesiologie? Die Kinesiologie ist die Lehre von Bewegung und basiert&#8230;<\/p>\n","protected":false},"author":1,"featured_media":0,"parent":0,"menu_order":0,"comment_status":"closed","ping_status":"closed","template":"","meta":{"footnotes":""},"class_list":["post-2","page","type-page","status-publish","hentry"],"_links":{"self":[{"href":"https:\/\/mariannes-atelier.com\/index.php?rest_route=\/wp\/v2\/pages\/2","targetHints":{"allow":["GET"]}}],"collection":[{"href":"https:\/\/mariannes-atelier.com\/index.php?rest_route=\/wp\/v2\/pages"}],"about":[{"href":"https:\/\/mariannes-atelier.com\/index.php?rest_route=\/wp\/v2\/types\/page"}],"author":[{"embeddable":true,"href":"https:\/\/mariannes-atelier.com\/index.php?rest_route=\/wp\/v2\/users\/1"}],"replies":[{"embeddable":true,"href":"https:\/\/mariannes-atelier.com\/index.php?rest_route=%2Fwp%2Fv2%2Fcomments&post=2"}],"version-history":[{"count":25,"href":"https:\/\/mariannes-atelier.com\/index.php?rest_route=\/wp\/v2\/pages\/2\/revisions"}],"predecessor-version":[{"id":286,"href":"https:\/\/mariannes-atelier.com\/index.php?rest_route=\/wp\/v2\/pages\/2\/revisions\/286"}],"wp:attachment":[{"href":"https:\/\/mariannes-atelier.com\/index.php?rest_route=%2Fwp%2Fv2%2Fmedia&parent=2"}],"curies":[{"name":"wp","href":"https:\/\/api.w.org\/{rel}","templated":true}]}}